{"id":2818,"date":"2022-06-20T22:08:38","date_gmt":"2022-06-20T22:08:38","guid":{"rendered":"https:\/\/primiciaselectiva.com\/?post_type=product&#038;p=2818"},"modified":"2022-08-07T23:03:04","modified_gmt":"2022-08-07T23:03:04","slug":"camiseta-hombre-06","status":"publish","type":"product","link":"https:\/\/primiciaselectiva.com\/index.php\/product\/camiseta-hombre-06\/","title":{"rendered":"Camiseta Dise\u00f1o Primicia Geom\u00e9trica"},"content":{"rendered":"<p>Camiseta Dise\u00f1o Primicia Geom\u00e9trica<\/p>\n","protected":false},"excerpt":{"rendered":"<p>Camiseta Dise\u00f1o Primicia Geom\u00e9trica<\/p>\n","protected":false},"featured_media":2850,"template":"redux-templates_canvas","meta":{"_et_pb_use_builder":"","_et_pb_old_content":"","_et_gb_content_width":""},"product_cat":[85,43],"product_tag":[],"class_list":{"0":"post-2818","1":"product","2":"type-product","3":"status-publish","4":"has-post-thumbnail","6":"product_cat-linea-masculina","7":"product_cat-rey-david","8":"pa_talla-s","9":"pa_talla-m","10":"pa_talla-l","11":"pa_talla-xl","12":"pa_talla-xxl","14":"first","15":"instock","16":"taxable","17":"shipping-taxable","18":"purchasable","19":"product-type-variable"},"_links":{"self":[{"href":"https:\/\/primiciaselectiva.com\/index.php\/wp-json\/wp\/v2\/product\/2818","targetHints":{"allow":["GET"]}}],"collection":[{"href":"https:\/\/primiciaselectiva.com\/index.php\/wp-json\/wp\/v2\/product"}],"about":[{"href":"https:\/\/primiciaselectiva.com\/index.php\/wp-json\/wp\/v2\/types\/product"}],"wp:featuredmedia":[{"embeddable":true,"href":"https:\/\/primiciaselectiva.com\/index.php\/wp-json\/wp\/v2\/media\/2850"}],"wp:attachment":[{"href":"https:\/\/primiciaselectiva.com\/index.php\/wp-json\/wp\/v2\/media?parent=2818"}],"wp:term":[{"taxonomy":"product_cat","embeddable":true,"href":"https:\/\/primiciaselectiva.com\/index.php\/wp-json\/wp\/v2\/product_cat?post=2818"},{"taxonomy":"product_tag","embeddable":true,"href":"https:\/\/primiciaselectiva.com\/index.php\/wp-json\/wp\/v2\/product_tag?post=2818"}],"curies":[{"name":"wp","href":"https:\/\/api.w.org\/{rel}","templated":true}]}}