{"id":183,"date":"2015-12-26T09:24:35","date_gmt":"2015-12-26T09:24:35","guid":{"rendered":"http:\/\/demo.snstheme.com\/wp\/nitan\/?product=shirt-in-short-sleeve-with-ditsy"},"modified":"2022-06-17T08:55:38","modified_gmt":"2022-06-17T08:55:38","slug":"shirt-in-short-sleeve-with-ditsy","status":"publish","type":"product","link":"https:\/\/primiciaselectiva.com\/index.php\/product\/shirt-in-short-sleeve-with-ditsy\/","title":{"rendered":"Chaqueta Cl\u00e1sica con Dise\u00f1o Espalda en Cuero"},"content":{"rendered":"<p>desc Chaqueta Cl\u00e1sica con Dise\u00f1o Espalda en Cuero<\/p>\n","protected":false},"excerpt":{"rendered":"<p>desc corta Chaqueta Cl\u00e1sica con Dise\u00f1o Espalda en Cuero<\/p>\n","protected":false},"featured_media":1652,"template":"","meta":{"_et_pb_use_builder":"","_et_pb_old_content":"","_et_gb_content_width":""},"product_cat":[82,83],"product_tag":[],"class_list":{"0":"post-183","1":"product","2":"type-product","3":"status-publish","4":"has-post-thumbnail","6":"product_cat-linea-femenina","7":"product_cat-reina-esther","8":"pa_talla-s","9":"pa_talla-m","10":"pa_talla-l","11":"pa_talla-xl","12":"pa_talla-xxl","14":"first","15":"instock","16":"taxable","17":"shipping-taxable","18":"purchasable","19":"product-type-variable"},"_links":{"self":[{"href":"https:\/\/primiciaselectiva.com\/index.php\/wp-json\/wp\/v2\/product\/183","targetHints":{"allow":["GET"]}}],"collection":[{"href":"https:\/\/primiciaselectiva.com\/index.php\/wp-json\/wp\/v2\/product"}],"about":[{"href":"https:\/\/primiciaselectiva.com\/index.php\/wp-json\/wp\/v2\/types\/product"}],"wp:featuredmedia":[{"embeddable":true,"href":"https:\/\/primiciaselectiva.com\/index.php\/wp-json\/wp\/v2\/media\/1652"}],"wp:attachment":[{"href":"https:\/\/primiciaselectiva.com\/index.php\/wp-json\/wp\/v2\/media?parent=183"}],"wp:term":[{"taxonomy":"product_cat","embeddable":true,"href":"https:\/\/primiciaselectiva.com\/index.php\/wp-json\/wp\/v2\/product_cat?post=183"},{"taxonomy":"product_tag","embeddable":true,"href":"https:\/\/primiciaselectiva.com\/index.php\/wp-json\/wp\/v2\/product_tag?post=183"}],"curies":[{"name":"wp","href":"https:\/\/api.w.org\/{rel}","templated":true}]}}