{"id":2306,"date":"2022-06-12T22:42:47","date_gmt":"2022-06-12T22:42:47","guid":{"rendered":"https:\/\/primiciaselectiva.com\/?page_id=2306"},"modified":"2022-06-20T23:48:29","modified_gmt":"2022-06-20T23:48:29","slug":"linea-adiel-2","status":"publish","type":"page","link":"https:\/\/primiciaselectiva.com\/index.php\/linea-adiel-2\/","title":{"rendered":"L\u00ednea Adiel"},"content":{"rendered":"<p>[et_pb_section fb_built=&#8221;1&#8243; fullwidth=&#8221;on&#8221; _builder_version=&#8221;4.14.8&#8243; _module_preset=&#8221;default&#8221; global_colors_info=&#8221;{}&#8221;][et_pb_fullwidth_slider _builder_version=&#8221;4.14.8&#8243; _module_preset=&#8221;default&#8221; global_colors_info=&#8221;{}&#8221;][et_pb_slide _builder_version=&#8221;4.14.8&#8243; _module_preset=&#8221;default&#8221; background_image=&#8221;https:\/\/primiciaselectiva.com\/wp-content\/uploads\/2022\/06\/banner-colecciones.jpg&#8221; background_enable_image=&#8221;on&#8221; global_colors_info=&#8221;{}&#8221; sticky_transition=&#8221;on&#8221;][\/et_pb_slide][\/et_pb_fullwidth_slider][\/et_pb_section][et_pb_section fb_built=&#8221;1&#8243; _builder_version=&#8221;4.14.8&#8243; _module_preset=&#8221;default&#8221; global_colors_info=&#8221;{}&#8221;][et_pb_row _builder_version=&#8221;4.14.8&#8243; _module_preset=&#8221;default&#8221; global_colors_info=&#8221;{}&#8221;][et_pb_column type=&#8221;4_4&#8243; _builder_version=&#8221;4.14.8&#8243; _module_preset=&#8221;default&#8221; global_colors_info=&#8221;{}&#8221;][et_pb_shop type=&#8221;product_category&#8221; include_categories=&#8221;109&#8243; _builder_version=&#8221;4.14.8&#8243; _module_preset=&#8221;default&#8221; hover_enabled=&#8221;0&#8243; global_colors_info=&#8221;{}&#8221; posts_number=&#8221;50&#8243; sticky_enabled=&#8221;0&#8243;][\/et_pb_shop][\/et_pb_column][\/et_pb_row][\/et_pb_section]<\/p>\n","protected":false},"excerpt":{"rendered":"Collar G &#36;150,000.00 Vista r\u00e1pidaAdd to cart Aretes Eduarda &#36;50,000.00 Vista r\u00e1pidaAdd to cart Aretes Sanditos &#36;50,000.00 Vista r\u00e1pidaAdd to cart Collar El Dorado &#36;190,000.00 Vista r\u00e1pidaAdd to cart Collar Jovis &#36;170,000.00 Vista r\u00e1pidaAdd to cart Collar Ruth &#36;75,000.00 Vista r\u00e1pidaAdd to cart Collar Estaciones &#36;190,000.00 Vista r\u00e1pidaAdd to cart Collar Sankofa &#36;200,000.00 Vista r\u00e1pidaAdd [...]","protected":false},"author":1,"featured_media":0,"parent":0,"menu_order":0,"comment_status":"closed","ping_status":"closed","template":"","meta":{"_et_pb_use_builder":"on","_et_pb_old_content":"","_et_gb_content_width":"","footnotes":""},"class_list":["post-2306","page","type-page","status-publish","hentry"],"_links":{"self":[{"href":"https:\/\/primiciaselectiva.com\/index.php\/wp-json\/wp\/v2\/pages\/2306","targetHints":{"allow":["GET"]}}],"collection":[{"href":"https:\/\/primiciaselectiva.com\/index.php\/wp-json\/wp\/v2\/pages"}],"about":[{"href":"https:\/\/primiciaselectiva.com\/index.php\/wp-json\/wp\/v2\/types\/page"}],"author":[{"embeddable":true,"href":"https:\/\/primiciaselectiva.com\/index.php\/wp-json\/wp\/v2\/users\/1"}],"replies":[{"embeddable":true,"href":"https:\/\/primiciaselectiva.com\/index.php\/wp-json\/wp\/v2\/comments?post=2306"}],"version-history":[{"count":4,"href":"https:\/\/primiciaselectiva.com\/index.php\/wp-json\/wp\/v2\/pages\/2306\/revisions"}],"predecessor-version":[{"id":2984,"href":"https:\/\/primiciaselectiva.com\/index.php\/wp-json\/wp\/v2\/pages\/2306\/revisions\/2984"}],"wp:attachment":[{"href":"https:\/\/primiciaselectiva.com\/index.php\/wp-json\/wp\/v2\/media?parent=2306"}],"curies":[{"name":"wp","href":"https:\/\/api.w.org\/{rel}","templated":true}]}}