{"id":2300,"date":"2022-06-12T22:40:00","date_gmt":"2022-06-12T22:40:00","guid":{"rendered":"https:\/\/primiciaselectiva.com\/?page_id=2300"},"modified":"2022-06-20T23:48:10","modified_gmt":"2022-06-20T23:48:10","slug":"jose-sonador","status":"publish","type":"page","link":"https:\/\/primiciaselectiva.com\/index.php\/jose-sonador\/","title":{"rendered":"Jos\u00e9 So\u00f1ador"},"content":{"rendered":"<p>[et_pb_section fb_built=&#8221;1&#8243; fullwidth=&#8221;on&#8221; _builder_version=&#8221;4.14.8&#8243; _module_preset=&#8221;default&#8221; global_colors_info=&#8221;{}&#8221;][et_pb_fullwidth_slider _builder_version=&#8221;4.14.8&#8243; _module_preset=&#8221;default&#8221; global_colors_info=&#8221;{}&#8221;][et_pb_slide _builder_version=&#8221;4.14.8&#8243; _module_preset=&#8221;default&#8221; background_image=&#8221;https:\/\/primiciaselectiva.com\/wp-content\/uploads\/2022\/06\/banner-colecciones.jpg&#8221; background_enable_image=&#8221;on&#8221; global_colors_info=&#8221;{}&#8221; sticky_transition=&#8221;on&#8221;][\/et_pb_slide][\/et_pb_fullwidth_slider][\/et_pb_section][et_pb_section fb_built=&#8221;1&#8243; _builder_version=&#8221;4.14.8&#8243; _module_preset=&#8221;default&#8221; global_colors_info=&#8221;{}&#8221;][et_pb_row _builder_version=&#8221;4.14.8&#8243; _module_preset=&#8221;default&#8221; global_colors_info=&#8221;{}&#8221;][et_pb_column type=&#8221;4_4&#8243; _builder_version=&#8221;4.14.8&#8243; _module_preset=&#8221;default&#8221; global_colors_info=&#8221;{}&#8221;][et_pb_shop type=&#8221;product_category&#8221; include_categories=&#8221;86&#8243; _builder_version=&#8221;4.14.8&#8243; _module_preset=&#8221;default&#8221; hover_enabled=&#8221;0&#8243; global_colors_info=&#8221;{}&#8221; posts_number=&#8221;50&#8243; sticky_enabled=&#8221;0&#8243;][\/et_pb_shop][\/et_pb_column][\/et_pb_row][\/et_pb_section]<\/p>\n","protected":false},"excerpt":{"rendered":"T\u00fanica Doble Faz &#36;120,000.00 Vista r\u00e1pidaAdd to cart Vestido Lila Strapless &#36;60,000.00 Vista r\u00e1pidaSelect options This product has multiple variants. The options may be chosen on the product page Blus\u00f3n Azul Rey Bordes Blancos &#36;95,000.00 Vista r\u00e1pidaSelect options This product has multiple variants. The options may be chosen on the product page","protected":false},"author":1,"featured_media":0,"parent":0,"menu_order":0,"comment_status":"closed","ping_status":"closed","template":"","meta":{"_et_pb_use_builder":"on","_et_pb_old_content":"","_et_gb_content_width":"","footnotes":""},"class_list":["post-2300","page","type-page","status-publish","hentry"],"_links":{"self":[{"href":"https:\/\/primiciaselectiva.com\/index.php\/wp-json\/wp\/v2\/pages\/2300","targetHints":{"allow":["GET"]}}],"collection":[{"href":"https:\/\/primiciaselectiva.com\/index.php\/wp-json\/wp\/v2\/pages"}],"about":[{"href":"https:\/\/primiciaselectiva.com\/index.php\/wp-json\/wp\/v2\/types\/page"}],"author":[{"embeddable":true,"href":"https:\/\/primiciaselectiva.com\/index.php\/wp-json\/wp\/v2\/users\/1"}],"replies":[{"embeddable":true,"href":"https:\/\/primiciaselectiva.com\/index.php\/wp-json\/wp\/v2\/comments?post=2300"}],"version-history":[{"count":4,"href":"https:\/\/primiciaselectiva.com\/index.php\/wp-json\/wp\/v2\/pages\/2300\/revisions"}],"predecessor-version":[{"id":2981,"href":"https:\/\/primiciaselectiva.com\/index.php\/wp-json\/wp\/v2\/pages\/2300\/revisions\/2981"}],"wp:attachment":[{"href":"https:\/\/primiciaselectiva.com\/index.php\/wp-json\/wp\/v2\/media?parent=2300"}],"curies":[{"name":"wp","href":"https:\/\/api.w.org\/{rel}","templated":true}]}}